{"id":9,"date":"2023-05-11T19:56:54","date_gmt":"2023-05-11T19:56:54","guid":{"rendered":"https:\/\/www.bexus.org\/?page_id=9"},"modified":"2024-11-17T10:17:47","modified_gmt":"2024-11-17T09:17:47","slug":"contact","status":"publish","type":"page","link":"https:\/\/www.bexus.org\/index.php\/contact\/","title":{"rendered":"Contact"},"content":{"rendered":"\n<p class=\"wp-block-paragraph\"><strong>Mail: info@bexus.org<\/strong><\/p>\n\n\n\n<p class=\"wp-block-paragraph\">Christian-Albrechts-Universit\u00e4t zu Kiel<br>Institut f\u00fcr Experimentelle und Angewandte Physik<br><a href=\"https:\/\/www.physik.uni-kiel.de\/de\/institute\/ieap\/et\" target=\"_blank\" rel=\"noreferrer noopener\">Abteilung Extraterrestrische Physik<\/a><br>Leibnizstra\u00dfe 11<br>24118 Kiel<br>Germany<\/p>\n","protected":false},"excerpt":{"rendered":"<p>Mail: info@bexus.org Christian-Albrechts-Universit\u00e4t zu KielInstitut f\u00fcr Experimentelle und Angewandte PhysikAbteilung Extraterrestrische PhysikLeibnizstra\u00dfe 1124118 KielGermany<\/p>\n","protected":false},"author":1,"featured_media":0,"parent":0,"menu_order":0,"comment_status":"closed","ping_status":"closed","template":"","meta":{"_crdt_document":"","footnotes":""},"class_list":["post-9","page","type-page","status-publish","hentry"],"_links":{"self":[{"href":"https:\/\/www.bexus.org\/index.php\/wp-json\/wp\/v2\/pages\/9","targetHints":{"allow":["GET"]}}],"collection":[{"href":"https:\/\/www.bexus.org\/index.php\/wp-json\/wp\/v2\/pages"}],"about":[{"href":"https:\/\/www.bexus.org\/index.php\/wp-json\/wp\/v2\/types\/page"}],"author":[{"embeddable":true,"href":"https:\/\/www.bexus.org\/index.php\/wp-json\/wp\/v2\/users\/1"}],"replies":[{"embeddable":true,"href":"https:\/\/www.bexus.org\/index.php\/wp-json\/wp\/v2\/comments?post=9"}],"version-history":[{"count":5,"href":"https:\/\/www.bexus.org\/index.php\/wp-json\/wp\/v2\/pages\/9\/revisions"}],"predecessor-version":[{"id":723,"href":"https:\/\/www.bexus.org\/index.php\/wp-json\/wp\/v2\/pages\/9\/revisions\/723"}],"wp:attachment":[{"href":"https:\/\/www.bexus.org\/index.php\/wp-json\/wp\/v2\/media?parent=9"}],"curies":[{"name":"wp","href":"https:\/\/api.w.org\/{rel}","templated":true}]}}